{"id":7,"date":"2026-02-24T14:16:13","date_gmt":"2026-02-24T17:16:13","guid":{"rendered":"https:\/\/sitedamarca.com\/larissatertuliano\/?page_id=7"},"modified":"2026-02-25T15:41:51","modified_gmt":"2026-02-25T18:41:51","slug":"landing-page","status":"publish","type":"page","link":"https:\/\/sitedamarca.com\/larissatertuliano\/","title":{"rendered":"Landing Page"},"content":{"rendered":"<p><img loading=\"lazy\" decoding=\"async\" width=\"800\" height=\"736\" src=\"https:\/\/sitedamarca.com\/larissatertuliano\/wp-content\/uploads\/2026\/02\/Inserir-um-titulo-1.png\" alt=\"\" srcset=\"https:\/\/sitedamarca.com\/larissatertuliano\/wp-content\/uploads\/2026\/02\/Inserir-um-titulo-1.png 990w, https:\/\/sitedamarca.com\/larissatertuliano\/wp-content\/uploads\/2026\/02\/Inserir-um-titulo-1-300x276.png 300w, https:\/\/sitedamarca.com\/larissatertuliano\/wp-content\/uploads\/2026\/02\/Inserir-um-titulo-1-768x707.png 768w\" sizes=\"auto, (max-width: 800px) 100vw, 800px\" \/><br \/>\n\t\t\t<svg aria-hidden=\"true\" viewBox=\"0 0 448 512\" xmlns=\"http:\/\/www.w3.org\/2000\/svg\"><path d=\"M16 132h416c8.837 0 16-7.163 16-16V76c0-8.837-7.163-16-16-16H16C7.163 60 0 67.163 0 76v40c0 8.837 7.163 16 16 16zm0 160h416c8.837 0 16-7.163 16-16v-40c0-8.837-7.163-16-16-16H16c-8.837 0-16 7.163-16 16v40c0 8.837 7.163 16 16 16zm0 160h416c8.837 0 16-7.163 16-16v-40c0-8.837-7.163-16-16-16H16c-8.837 0-16 7.163-16 16v40c0 8.837 7.163 16 16 16z\"><\/path><\/svg>\t\t\t<\/p>\n<h2>Acolher,<br \/>\nescutar,<br \/>\ntransformar.<br \/>\n<\/h2>\n<h2>Sentir-se em movimento por fora, mas distante de<br \/> <br \/>\nsi por dentro, \u00e9 algo que muitas mulheres vivem.<br \/> Mas voc\u00ea n\u00e3o precisa atravessar isso sozinha.<br \/>\n<\/h2>\n<h2>Sentir-se em movimento por fora, mas distante de si por dentro, \u00e9 algo que muitas mulheres vivem. Mas voc\u00ea n\u00e3o precisa atravessar isso sozinha.<br \/>\n<\/h2>\n<h2>Atendimento online para brasileiras em mais de 12 pa\u00edses.<\/h2>\n<p>\t\t\t\t\t\t\t\t\t\t\t\t\t\t\t\t<a href=\"https:\/\/wa.me\/351932704040\"><br \/>\n\t\t\t\t\t\t\t<img loading=\"lazy\" decoding=\"async\" width=\"725\" height=\"849\" src=\"https:\/\/sitedamarca.com\/larissatertuliano\/wp-content\/uploads\/2026\/02\/Design-sem-nome-5.png\" alt=\"\" srcset=\"https:\/\/sitedamarca.com\/larissatertuliano\/wp-content\/uploads\/2026\/02\/Design-sem-nome-5.png 725w, https:\/\/sitedamarca.com\/larissatertuliano\/wp-content\/uploads\/2026\/02\/Design-sem-nome-5-256x300.png 256w\" sizes=\"auto, (max-width: 725px) 100vw, 725px\" \/>\t\t\t\t\t\t\t\t<\/a><br \/>\n\t\t\t\t\t\t\t\t\t\t\t\t\t\t\t\t\t\t\t\t\t<a href=\"https:\/\/wa.me\/351932704040\"><br \/>\n\t\t\t\t\t\t\t\t\tEntre em contato<br \/>\n\t\t\t\t\t<\/a><br \/>\n\t\t\t\t\t\t\t\t\t\t\t\t\t\t\t\t\t\t\t<img loading=\"lazy\" decoding=\"async\" width=\"732\" height=\"753\" src=\"https:\/\/sitedamarca.com\/larissatertuliano\/wp-content\/uploads\/2026\/02\/WhatsApp-Image-2026-02-24-at-14.32.47-1.jpeg\" alt=\"\" srcset=\"https:\/\/sitedamarca.com\/larissatertuliano\/wp-content\/uploads\/2026\/02\/WhatsApp-Image-2026-02-24-at-14.32.47-1.jpeg 732w, https:\/\/sitedamarca.com\/larissatertuliano\/wp-content\/uploads\/2026\/02\/WhatsApp-Image-2026-02-24-at-14.32.47-1-292x300.jpeg 292w\" sizes=\"auto, (max-width: 732px) 100vw, 732px\" \/>\t\t\t\t\t\t\t\t\t\t\t\t\t\t\t\t<\/p>\n<h2>Ol\u00e1, sou a Larissa Tertuliano<\/h2>\n<h2>Psic\u00f3loga cl\u00ednica, dedicada a oferecer um espa\u00e7o seguro para que mulheres possam falar de si e de duas viv\u00eancias. Minha trajet\u00f3ria na psicologia come\u00e7ou junto \u00e0 minha pr\u00f3pria jornada de mudan\u00e7as e recome\u00e7os. Durante meu processo de imigra\u00e7\u00e3o em Portugal, passei a atender brasileiras em diferentes pa\u00edses.<\/h2>\n<h2>Hoje atendo pacientes em mais de 12 pa\u00edses, conduzindo processos individuais e grupos terap\u00eauticos, al\u00e9m de palestras online e presenciais. Minha abordagem une a profundidade da psican\u00e1lise a um olhar sens\u00edvel para quest\u00f5es do feminino, v\u00ednculos afetivos e transforma\u00e7\u00f5es emocionais.<\/h2>\n<p>\t\t\t\t\t\t\t\t\t\t\t\t\t\t\t\t<a href=\"https:\/\/wa.me\/351932704040\"><br \/>\n\t\t\t\t\t\t\t<img loading=\"lazy\" decoding=\"async\" width=\"725\" height=\"849\" src=\"https:\/\/sitedamarca.com\/larissatertuliano\/wp-content\/uploads\/2026\/02\/Design-sem-nome-5.png\" alt=\"\" srcset=\"https:\/\/sitedamarca.com\/larissatertuliano\/wp-content\/uploads\/2026\/02\/Design-sem-nome-5.png 725w, https:\/\/sitedamarca.com\/larissatertuliano\/wp-content\/uploads\/2026\/02\/Design-sem-nome-5-256x300.png 256w\" sizes=\"auto, (max-width: 725px) 100vw, 725px\" \/>\t\t\t\t\t\t\t\t<\/a><br \/>\n\t\t\t\t\t\t\t\t\t\t\t\t\t\t\t\t\t\t\t\t\t<a href=\"https:\/\/wa.me\/351932704040\"><br \/>\n\t\t\t\t\t\t\t\t\tEntre em contato<br \/>\n\t\t\t\t\t<\/a><br \/>\n\t\t\t\t\t\t\t\t\t\t\t\t\t\t\t\t\t\t\t<img loading=\"lazy\" decoding=\"async\" width=\"453\" height=\"531\" src=\"https:\/\/sitedamarca.com\/larissatertuliano\/wp-content\/uploads\/2026\/02\/5.png\" alt=\"\" srcset=\"https:\/\/sitedamarca.com\/larissatertuliano\/wp-content\/uploads\/2026\/02\/5.png 453w, https:\/\/sitedamarca.com\/larissatertuliano\/wp-content\/uploads\/2026\/02\/5-256x300.png 256w\" sizes=\"auto, (max-width: 453px) 100vw, 453px\" \/>\t\t\t\t\t\t\t\t\t\t\t\t\t\t\t\t<\/p>\n<h2>Sigilo total e um espa\u00e7o livre de julgamentos<\/h2>\n<h2>Aqui, voc\u00ea pode se abrir sem preocupa\u00e7\u00f5es, sabendo que ser\u00e1 ouvido com respeito e compreens\u00e3o<br \/>\n<\/h2>\n<p>\t\t\t\t\t\t\t\t\t\t\t\t\t\t\t<img loading=\"lazy\" decoding=\"async\" width=\"453\" height=\"531\" src=\"https:\/\/sitedamarca.com\/larissatertuliano\/wp-content\/uploads\/2026\/02\/6.png\" alt=\"\" srcset=\"https:\/\/sitedamarca.com\/larissatertuliano\/wp-content\/uploads\/2026\/02\/6.png 453w, https:\/\/sitedamarca.com\/larissatertuliano\/wp-content\/uploads\/2026\/02\/6-256x300.png 256w\" sizes=\"auto, (max-width: 453px) 100vw, 453px\" \/>\t\t\t\t\t\t\t\t\t\t\t\t\t\t\t\t<\/p>\n<h2>Profissional certificada<\/h2>\n<h2>Conte com uma especialista registrada sob o CRP 10\/09621 e certificada para atendimento psicol\u00f3gico online pelo conselho profissional.<br \/>\n<\/h2>\n<p>\t\t\t\t\t\t\t\t\t\t\t\t\t\t\t<img loading=\"lazy\" decoding=\"async\" width=\"453\" height=\"531\" src=\"https:\/\/sitedamarca.com\/larissatertuliano\/wp-content\/uploads\/2026\/02\/7.png\" alt=\"\" srcset=\"https:\/\/sitedamarca.com\/larissatertuliano\/wp-content\/uploads\/2026\/02\/7.png 453w, https:\/\/sitedamarca.com\/larissatertuliano\/wp-content\/uploads\/2026\/02\/7-256x300.png 256w\" sizes=\"auto, (max-width: 453px) 100vw, 453px\" \/>\t\t\t\t\t\t\t\t\t\t\t\t\t\t\t\t<\/p>\n<h2>Pr\u00e1tiva integrativa individualizada<\/h2>\n<h2>Combina diferentes t\u00e9cnicas para adaptar a jornada terap\u00eautica \u00e0s suas necessidades espec\u00edficas e individuais.<br \/>\n<\/h2>\n<p>\t\t\t\t\t\t\t\t\t\t\t\t\t\t\t<img loading=\"lazy\" decoding=\"async\" width=\"453\" height=\"531\" src=\"https:\/\/sitedamarca.com\/larissatertuliano\/wp-content\/uploads\/2026\/02\/8.png\" alt=\"\" srcset=\"https:\/\/sitedamarca.com\/larissatertuliano\/wp-content\/uploads\/2026\/02\/8.png 453w, https:\/\/sitedamarca.com\/larissatertuliano\/wp-content\/uploads\/2026\/02\/8-256x300.png 256w\" sizes=\"auto, (max-width: 453px) 100vw, 453px\" \/>\t\t\t\t\t\t\t\t\t\t\t\t\t\t\t\t<\/p>\n<h2>Hor\u00e1rio online<br \/> e flex\u00edvel<\/h2>\n<h2>Agenda adaptada ao seu estilo de vida e fuso hor\u00e1rio de qualquer lugar do mundo.<br \/>\n<\/h2>\n<p>\t\t\t\t\t\t\t\t\t\t\t\t\t\t\t<img loading=\"lazy\" decoding=\"async\" width=\"800\" height=\"736\" src=\"https:\/\/sitedamarca.com\/larissatertuliano\/wp-content\/uploads\/2026\/02\/Inserir-um-titulo-_4_-1.webp\" alt=\"\" srcset=\"https:\/\/sitedamarca.com\/larissatertuliano\/wp-content\/uploads\/2026\/02\/Inserir-um-titulo-_4_-1.webp 990w, https:\/\/sitedamarca.com\/larissatertuliano\/wp-content\/uploads\/2026\/02\/Inserir-um-titulo-_4_-1-300x276.webp 300w, https:\/\/sitedamarca.com\/larissatertuliano\/wp-content\/uploads\/2026\/02\/Inserir-um-titulo-_4_-1-768x707.webp 768w\" sizes=\"auto, (max-width: 800px) 100vw, 800px\" \/>\t\t\t\t\t\t\t\t\t\t\t\t\t\t\t\t\t\t\t\t\t\t\t\t\t\t<img loading=\"lazy\" decoding=\"async\" width=\"800\" height=\"736\" src=\"https:\/\/sitedamarca.com\/larissatertuliano\/wp-content\/uploads\/2026\/02\/Inserir-um-titulo-_5_-1.webp\" alt=\"\" srcset=\"https:\/\/sitedamarca.com\/larissatertuliano\/wp-content\/uploads\/2026\/02\/Inserir-um-titulo-_5_-1.webp 990w, https:\/\/sitedamarca.com\/larissatertuliano\/wp-content\/uploads\/2026\/02\/Inserir-um-titulo-_5_-1-300x276.webp 300w, https:\/\/sitedamarca.com\/larissatertuliano\/wp-content\/uploads\/2026\/02\/Inserir-um-titulo-_5_-1-768x707.webp 768w\" sizes=\"auto, (max-width: 800px) 100vw, 800px\" \/>\t\t\t\t\t\t\t\t\t\t\t\t\t\t\t\t<\/p>\n<h2>Se voc\u00ea perceber alguns <br \/>\ndesses sinais, \u00e9 hora de<br \/>\n buscar ajuda.<\/h2>\n<h2>Esses sinais mentais, f\u00edsicos e emocionais afetam o dia a dia, os relacionamentos e o bem-estar. Quando os desafios superam o que voc\u00ea consegue resolver sozinho, a psicoterapia \u00e9 um caminho poderoso para recuperar o equil\u00edbrio.<\/h2>\n<h2>Em um espa\u00e7o seguro e acolhedor, o psic\u00f3logo ajuda a entender quest\u00f5es mais profundas, oferece novas perspectivas e fortalece autoconhecimento e resili\u00eancia. A terapia te capacita para viver de forma mais leve e saud\u00e1vel.<\/h2>\n<h2>N\u00e3o espere mais para cuidar de si. A mudan\u00e7a come\u00e7a com um passo, e voc\u00ea j\u00e1 tem tudo dentro de voc\u00ea para dar esse passo.<\/h2>\n<p>\t\t\t\t\t\t\t\t\t\t\t\t\t\t\t\t<a href=\"https:\/\/wa.me\/351932704040\"><br \/>\n\t\t\t\t\t\t\t<img loading=\"lazy\" decoding=\"async\" width=\"725\" height=\"849\" src=\"https:\/\/sitedamarca.com\/larissatertuliano\/wp-content\/uploads\/2026\/02\/Design-sem-nome-5.png\" alt=\"\" srcset=\"https:\/\/sitedamarca.com\/larissatertuliano\/wp-content\/uploads\/2026\/02\/Design-sem-nome-5.png 725w, https:\/\/sitedamarca.com\/larissatertuliano\/wp-content\/uploads\/2026\/02\/Design-sem-nome-5-256x300.png 256w\" sizes=\"auto, (max-width: 725px) 100vw, 725px\" \/>\t\t\t\t\t\t\t\t<\/a><br \/>\n\t\t\t\t\t\t\t\t\t\t\t\t\t\t\t\t\t\t\t\t\t<a href=\"https:\/\/wa.me\/351932704040\"><br \/>\n\t\t\t\t\t\t\t\t\tEntre em contato<br \/>\n\t\t\t\t\t<\/a><\/p>\n<h2>Voc\u00ea tem receio de fazer terapia<br \/>\n online?<\/h2>\n<h2>Vou te ajudar a entender como, na verdade, a terapia online tem a mesma efic\u00e1cia de uma terapia profissional, desde que aplicada por um profissional capacitado.<br \/>\nNosso processo de terapia \u00e9 completamente confidencial, n\u00e3o gravado, onde utilizamos processos que mant\u00eam a confidencialidade de tudo o que \u00e9 dito online.<br \/>\n<\/h2>\n<h2>Utilizamos tecnologias para nossa chamada online que garantem a boa compreens\u00e3o auditiva e visual por ambas as partes, evitando ru\u00eddos de comunica\u00e7\u00e3o<br \/>\n<\/h2>\n<h2>Aplicamos t\u00e9cnicas validadas, oferecendo um atendimento especializado e acess\u00edvel para brasileiros no exterior, com compreens\u00e3o cultural e na sua l\u00edngua nativa.<br \/>\n<\/h2>\n<h2>Resolu\u00e7\u00e3o 11\/2018, cresceu na pandemia pela flexibilidade.<br \/>\n<\/h2>\n<h2>Estudos mostram que a terapia online \u00e9 t\u00e3o eficaz quanto a presencial.<br \/> \u00c9 uma alternativa vi\u00e1vel e acess\u00edvel para cuidado psicol\u00f3gico.<\/h2>\n<h2>Estou aqui para apoiar voc\u00ea em sua jornada de autoconhecimento e crescimento pessoal com leveza. Vamos trabalhar juntos para alcan\u00e7ar suas metas e encontrar uma vida mais equilibrada e plena.<\/h2>\n<h2>Perguntas frequ\u00eantes<\/h2>\n<details id=\"e-n-accordion-item-2260\" open>\n<summary data-accordion-index=\"1\" tabindex=\"0\" aria-expanded=\"true\" aria-controls=\"e-n-accordion-item-2260\" >\n\t\t\t\t\t Como saber se eu preciso fazer terapia?<br \/>\n\t\t\t<svg aria-hidden=\"true\" viewBox=\"0 0 448 512\" xmlns=\"http:\/\/www.w3.org\/2000\/svg\"><path d=\"M207.029 381.476L12.686 187.132c-9.373-9.373-9.373-24.569 0-33.941l22.667-22.667c9.357-9.357 24.522-9.375 33.901-.04L224 284.505l154.745-154.021c9.379-9.335 24.544-9.317 33.901.04l22.667 22.667c9.373 9.373 9.373 24.569 0 33.941L240.971 381.476c-9.373 9.372-24.569 9.372-33.942 0z\"><\/path><\/svg><br \/>\n\t\t\t<svg aria-hidden=\"true\" viewBox=\"0 0 320 512\" xmlns=\"http:\/\/www.w3.org\/2000\/svg\"><path d=\"M285.476 272.971L91.132 467.314c-9.373 9.373-24.569 9.373-33.941 0l-22.667-22.667c-9.357-9.357-9.375-24.522-.04-33.901L188.505 256 34.484 101.255c-9.335-9.379-9.317-24.544.04-33.901l22.667-22.667c9.373-9.373 24.569-9.373 33.941 0L285.475 239.03c9.373 9.372 9.373 24.568.001 33.941z\"><\/path><\/svg><br \/>\n\t\t\t\t\t\t<\/summary>\n<h2>N\u00e3o \u00e9 preciso ter um problema espec\u00edfico para buscar a terapia. Ela \u00e9 um recurso valioso para o autoconhecimento e desenvolvimento pessoal, n\u00e3o se limitando a quem enfrenta doen\u00e7as mentais. A psicoterapia \u00e9 uma ferramenta poderosa que pode ajudar voc\u00ea a encontrar mais prop\u00f3sito e melhorar a qualidade de vida. Permita-se explorar e entender melhor quem voc\u00ea \u00e9 e perceber os benef\u00edcios que esse processo pode trazer para sua vida.<\/h2>\n<\/details>\n<details id=\"e-n-accordion-item-2261\" >\n<summary data-accordion-index=\"2\" tabindex=\"-1\" aria-expanded=\"false\" aria-controls=\"e-n-accordion-item-2261\" >\n\t\t\t\t\t Tenho medo das mudan\u00e7as que a terapia pode trazer. Isso \u00e9 normal?<br \/>\n\t\t\t<svg aria-hidden=\"true\" viewBox=\"0 0 448 512\" xmlns=\"http:\/\/www.w3.org\/2000\/svg\"><path d=\"M207.029 381.476L12.686 187.132c-9.373-9.373-9.373-24.569 0-33.941l22.667-22.667c9.357-9.357 24.522-9.375 33.901-.04L224 284.505l154.745-154.021c9.379-9.335 24.544-9.317 33.901.04l22.667 22.667c9.373 9.373 9.373 24.569 0 33.941L240.971 381.476c-9.373 9.372-24.569 9.372-33.942 0z\"><\/path><\/svg><br \/>\n\t\t\t<svg aria-hidden=\"true\" viewBox=\"0 0 320 512\" xmlns=\"http:\/\/www.w3.org\/2000\/svg\"><path d=\"M285.476 272.971L91.132 467.314c-9.373 9.373-24.569 9.373-33.941 0l-22.667-22.667c-9.357-9.357-9.375-24.522-.04-33.901L188.505 256 34.484 101.255c-9.335-9.379-9.317-24.544.04-33.901l22.667-22.667c9.373-9.373 24.569-9.373 33.941 0L285.475 239.03c9.373 9.372 9.373 24.568.001 33.941z\"><\/path><\/svg><br \/>\n\t\t\t\t\t\t<\/summary>\n<h2>Sim, \u00e9 completamente normal ter medo da mudan\u00e7a. A terapia pode trazer \u00e0 tona sentimentos e insights que podem ser desconfort\u00e1veis, mas tamb\u00e9m pode conduzir a um crescimento pessoal significativo. Meu objetivo \u00e9 te guiar pelo processo de forma segura e gradual, respeitando seu ritmo.<\/h2>\n<\/details>\n<details id=\"e-n-accordion-item-2262\" >\n<summary data-accordion-index=\"3\" tabindex=\"-1\" aria-expanded=\"false\" aria-controls=\"e-n-accordion-item-2262\" >\n\t\t\t\t\t Como agendar uma sess\u00e3o?<br \/>\n\t\t\t<svg aria-hidden=\"true\" viewBox=\"0 0 448 512\" xmlns=\"http:\/\/www.w3.org\/2000\/svg\"><path d=\"M207.029 381.476L12.686 187.132c-9.373-9.373-9.373-24.569 0-33.941l22.667-22.667c9.357-9.357 24.522-9.375 33.901-.04L224 284.505l154.745-154.021c9.379-9.335 24.544-9.317 33.901.04l22.667 22.667c9.373 9.373 9.373 24.569 0 33.941L240.971 381.476c-9.373 9.372-24.569 9.372-33.942 0z\"><\/path><\/svg><br \/>\n\t\t\t<svg aria-hidden=\"true\" viewBox=\"0 0 320 512\" xmlns=\"http:\/\/www.w3.org\/2000\/svg\"><path d=\"M285.476 272.971L91.132 467.314c-9.373 9.373-24.569 9.373-33.941 0l-22.667-22.667c-9.357-9.357-9.375-24.522-.04-33.901L188.505 256 34.484 101.255c-9.335-9.379-9.317-24.544.04-33.901l22.667-22.667c9.373-9.373 24.569-9.373 33.941 0L285.475 239.03c9.373 9.372 9.373 24.568.001 33.941z\"><\/path><\/svg><br \/>\n\t\t\t\t\t\t<\/summary>\n<h2>Entre em contato para verificar disponibilidade de hor\u00e1rios. <br \/>Os atendimentos acontecem de ter\u00e7a \u00e0 quinta, durante a manh\u00e3 e a tarde.<\/h2>\n<\/details>\n<details id=\"e-n-accordion-item-2263\" >\n<summary data-accordion-index=\"4\" tabindex=\"-1\" aria-expanded=\"false\" aria-controls=\"e-n-accordion-item-2263\" >\n\t\t\t\t\t Onde me encontrar?<br \/>\n\t\t\t<svg aria-hidden=\"true\" viewBox=\"0 0 448 512\" xmlns=\"http:\/\/www.w3.org\/2000\/svg\"><path d=\"M207.029 381.476L12.686 187.132c-9.373-9.373-9.373-24.569 0-33.941l22.667-22.667c9.357-9.357 24.522-9.375 33.901-.04L224 284.505l154.745-154.021c9.379-9.335 24.544-9.317 33.901.04l22.667 22.667c9.373 9.373 9.373 24.569 0 33.941L240.971 381.476c-9.373 9.372-24.569 9.372-33.942 0z\"><\/path><\/svg><br \/>\n\t\t\t<svg aria-hidden=\"true\" viewBox=\"0 0 320 512\" xmlns=\"http:\/\/www.w3.org\/2000\/svg\"><path d=\"M285.476 272.971L91.132 467.314c-9.373 9.373-24.569 9.373-33.941 0l-22.667-22.667c-9.357-9.357-9.375-24.522-.04-33.901L188.505 256 34.484 101.255c-9.335-9.379-9.317-24.544.04-33.901l22.667-22.667c9.373-9.373 24.569-9.373 33.941 0L285.475 239.03c9.373 9.372 9.373 24.568.001 33.941z\"><\/path><\/svg><br \/>\n\t\t\t\t\t\t<\/summary>\n<h2>Al\u00e9m do contato direto atrav\u00e9s do link dispon\u00edvel no site, voc\u00ea pode me encontrar nas redes sociais e plataformas:<\/p>\n<p>Instagram: psi.larissatertu <br \/>\nTik tok: psilarissatertu_  <\/h2>\n<\/details>\n<h2>N\u00e3o \u00e9 preciso ter um problema espec\u00edfico para buscar a terapia. Ela \u00e9 um recurso valioso para o autoconhecimento e desenvolvimento pessoal, n\u00e3o se limitando a quem enfrenta doen\u00e7as mentais. A psicoterapia \u00e9 uma ferramenta poderosa que pode ajudar voc\u00ea a encontrar mais prop\u00f3sito e melhorar a qualidade de vida. Permita-se explorar e entender melhor quem voc\u00ea \u00e9 e perceber os benef\u00edcios que esse processo pode trazer para sua vida.<\/h2>\n<h2>Sim, \u00e9 completamente normal ter medo da mudan\u00e7a. A terapia pode trazer \u00e0 tona sentimentos e insights que podem ser desconfort\u00e1veis, mas tamb\u00e9m pode conduzir a um crescimento pessoal significativo. Meu objetivo \u00e9 te guiar pelo processo de forma segura e gradual, respeitando seu ritmo.<\/h2>\n<h2>Entre em contato para verificar disponibilidade de hor\u00e1rios. <br \/>Os atendimentos acontecem de ter\u00e7a \u00e0 quinta, durante a manh\u00e3 e a tarde.<\/h2>\n<h2>Al\u00e9m do contato direto atrav\u00e9s do link dispon\u00edvel no site, voc\u00ea pode me encontrar nas redes sociais e plataformas:<\/p>\n<p>Instagram: psi.larissatertu <br \/>\nTik tok: psilarissatertu_  <\/h2>\n<h2>Entre o movimento e o enraizamento,<br \/>\n<br \/>a sua escuta come\u00e7a aqui.<\/h2>\n<h2>Entre o movimento e o <br \/>\nenraizamento, a sua <br \/>\nescuta come\u00e7a aqui.<\/h2>\n<p>\t\t\t\t\t\t\t\t\t\t\t\t\t\t\t\t<a href=\"https:\/\/wa.me\/351932704040\"><br \/>\n\t\t\t\t\t\t\t<img loading=\"lazy\" decoding=\"async\" width=\"725\" height=\"849\" src=\"https:\/\/sitedamarca.com\/larissatertuliano\/wp-content\/uploads\/2026\/02\/Design-sem-nome-5.png\" alt=\"\" srcset=\"https:\/\/sitedamarca.com\/larissatertuliano\/wp-content\/uploads\/2026\/02\/Design-sem-nome-5.png 725w, https:\/\/sitedamarca.com\/larissatertuliano\/wp-content\/uploads\/2026\/02\/Design-sem-nome-5-256x300.png 256w\" sizes=\"auto, (max-width: 725px) 100vw, 725px\" \/>\t\t\t\t\t\t\t\t<\/a><br \/>\n\t\t\t\t\t\t\t\t\t\t\t\t\t\t\t\t\t\t\t\t\t<a href=\"https:\/\/wa.me\/351932704040\"><br \/>\n\t\t\t\t\t\t\t\t\tEntre em contato<br \/>\n\t\t\t\t\t<\/a><br \/>\n\t\t\t\t\t\t\t\t\t\t\t\t\t\t\t\t\t\t\t<img loading=\"lazy\" decoding=\"async\" width=\"800\" height=\"736\" src=\"https:\/\/sitedamarca.com\/larissatertuliano\/wp-content\/uploads\/2026\/02\/Inserir-um-titulo-1.png\" alt=\"\" srcset=\"https:\/\/sitedamarca.com\/larissatertuliano\/wp-content\/uploads\/2026\/02\/Inserir-um-titulo-1.png 990w, https:\/\/sitedamarca.com\/larissatertuliano\/wp-content\/uploads\/2026\/02\/Inserir-um-titulo-1-300x276.png 300w, https:\/\/sitedamarca.com\/larissatertuliano\/wp-content\/uploads\/2026\/02\/Inserir-um-titulo-1-768x707.png 768w\" sizes=\"auto, (max-width: 800px) 100vw, 800px\" \/>\t\t\t\t\t\t\t\t\t\t\t\t\t\t\t\t<\/p>\n<h2><a href=\"#quemsou\">Quem sou<\/a><\/h2>\n<h2><a href=\"#porque\">Por que terapia?<\/a><\/h2>\n<h2><a href=\"#faq\">Perguntas frequ\u00eantes<\/a><\/h2>\n<h2><a href=\"#falar\">Converse comigo<\/a><\/h2>\n<h2>Em caso de emerg\u00eancia, procure o hospital mais pr\u00f3ximo.<\/h2>\n<h2>Larissa Tertuliano | CRP 10\/09621<\/h2>\n","protected":false},"excerpt":{"rendered":"<p>Acolher, escutar, transformar. Sentir-se em movimento por fora, mas distante de si por dentro, \u00e9 algo que muitas mulheres vivem. Mas voc\u00ea n\u00e3o precisa atravessar isso sozinha. Sentir-se em movimento por fora, mas distante de si por dentro, \u00e9 algo que muitas mulheres vivem. Mas voc\u00ea n\u00e3o precisa atravessar isso sozinha. Atendimento online para brasileiras [&hellip;]<\/p>\n","protected":false},"author":1,"featured_media":11,"parent":0,"menu_order":0,"comment_status":"closed","ping_status":"closed","template":"elementor_canvas","meta":{"_joinchat":[],"footnotes":""},"class_list":["post-7","page","type-page","status-publish","has-post-thumbnail","hentry"],"_links":{"self":[{"href":"https:\/\/sitedamarca.com\/larissatertuliano\/wp-json\/wp\/v2\/pages\/7","targetHints":{"allow":["GET"]}}],"collection":[{"href":"https:\/\/sitedamarca.com\/larissatertuliano\/wp-json\/wp\/v2\/pages"}],"about":[{"href":"https:\/\/sitedamarca.com\/larissatertuliano\/wp-json\/wp\/v2\/types\/page"}],"author":[{"embeddable":true,"href":"https:\/\/sitedamarca.com\/larissatertuliano\/wp-json\/wp\/v2\/users\/1"}],"replies":[{"embeddable":true,"href":"https:\/\/sitedamarca.com\/larissatertuliano\/wp-json\/wp\/v2\/comments?post=7"}],"version-history":[{"count":61,"href":"https:\/\/sitedamarca.com\/larissatertuliano\/wp-json\/wp\/v2\/pages\/7\/revisions"}],"predecessor-version":[{"id":100,"href":"https:\/\/sitedamarca.com\/larissatertuliano\/wp-json\/wp\/v2\/pages\/7\/revisions\/100"}],"wp:featuredmedia":[{"embeddable":true,"href":"https:\/\/sitedamarca.com\/larissatertuliano\/wp-json\/wp\/v2\/media\/11"}],"wp:attachment":[{"href":"https:\/\/sitedamarca.com\/larissatertuliano\/wp-json\/wp\/v2\/media?parent=7"}],"curies":[{"name":"wp","href":"https:\/\/api.w.org\/{rel}","templated":true}]}}